{"id":24,"date":"2024-08-12T18:05:14","date_gmt":"2024-08-12T18:05:14","guid":{"rendered":"https:\/\/eliseorabbi.com\/en\/?page_id=24"},"modified":"2025-05-15T01:29:14","modified_gmt":"2025-05-15T01:29:14","slug":"home","status":"publish","type":"page","link":"https:\/\/eliseorabbi.com\/en\/","title":{"rendered":"Home"},"content":{"rendered":"\t\t<div data-elementor-type=\"wp-page\" data-elementor-id=\"24\" class=\"elementor elementor-24\" data-elementor-settings=\"{&quot;ha_cmc_init_switcher&quot;:&quot;no&quot;}\" data-elementor-post-type=\"page\">\n\t\t\t\t<div class=\"elementor-element elementor-element-ae5951a e-con-full e-flex e-con e-parent\" data-id=\"ae5951a\" data-element_type=\"container\">\n\t\t\t\t<div class=\"elementor-element elementor-element-f2ef21a elementor-widget__width-initial elementor-widget elementor-widget-jet-slider\" data-id=\"f2ef21a\" data-element_type=\"widget\" data-settings=\"{&quot;slider_height_mobile&quot;:{&quot;unit&quot;:&quot;px&quot;,&quot;size&quot;:200,&quot;sizes&quot;:[]},&quot;slider_height_tablet&quot;:{&quot;unit&quot;:&quot;px&quot;,&quot;size&quot;:250,&quot;sizes&quot;:[]},&quot;slider_height&quot;:{&quot;unit&quot;:&quot;px&quot;,&quot;size&quot;:650,&quot;sizes&quot;:[]}}\" data-widget_type=\"jet-slider.default\">\n\t\t\t\t<div class=\"elementor-widget-container\">\n\t\t\t\t\t<div class=\"elementor-jet-slider jet-elements\">\n<div class=\"jet-slider jet-slider__image-contain\" data-settings='{\"sliderWidth\":{\"unit\":\"%\",\"size\":100,\"sizes\":[]},\"sliderHeight\":{\"unit\":\"px\",\"size\":650,\"sizes\":[]},\"sliderNavigation\":true,\"sliderNavigationIcon\":\"jet-slider__arrow-icon-f2ef21a\",\"sliderNaviOnHover\":false,\"sliderPagination\":true,\"sliderAutoplay\":true,\"sliderAutoplayDelay\":4500,\"sliderAutoplayOnHover\":\"pause\",\"sliderFullScreen\":false,\"sliderFullscreenIcon\":\"jet-slider__fullscreen-icon-f2ef21a\",\"sliderShuffle\":false,\"sliderLoop\":true,\"sliderFadeMode\":true,\"slideDistance\":{\"unit\":\"px\",\"size\":10,\"sizes\":[]},\"slideDuration\":600,\"imageScaleMode\":\"contain\",\"thumbnails\":false,\"thumbnailWidth\":120,\"thumbnailHeight\":80,\"rightToLeft\":false,\"touchswipe\":true,\"fractionPag\":false}'>\n\t\n<div id=sliderhomeer class=\"slider-pro\"><div class=\"jet-slider__arrow-icon-f2ef21a hidden-html\"><svg aria-hidden=\"true\" class=\"e-font-icon-svg e-fas-angle-left\" viewBox=\"0 0 256 512\" xmlns=\"http:\/\/www.w3.org\/2000\/svg\"><path d=\"M31.7 239l136-136c9.4-9.4 24.6-9.4 33.9 0l22.6 22.6c9.4 9.4 9.4 24.6 0 33.9L127.9 256l96.4 96.4c9.4 9.4 9.4 24.6 0 33.9L201.7 409c-9.4 9.4-24.6 9.4-33.9 0l-136-136c-9.5-9.4-9.5-24.6-.1-34z\"><\/path><\/svg><\/div><div class=\"jet-slider__fullscreen-icon-f2ef21a hidden-html\"><\/div><div class=\"jet-slider__items sp-slides\">\n\n\n<div  class=\"jet-slider__item sp-slide elementor-repeater-item-b6ce5d5-0\"><img decoding=\"async\" class=\"sp-image\" src=\"https:\/\/eliseorabbi.com\/en\/wp-content\/uploads\/2024\/10\/1.1-END-00-APAISADA-12.jpg\" alt=\"1.1 END-00 APAISADA 12\"><div class=\"jet-slider__content sp-layer \" data-position=\"centerCenter\" data-width=\"100%\" data-height=\"100%\" data-horizontal=\"0%\" data-show-transition=\"none\" data-show-duration=\"400\" data-show-delay=\"400\" >\n\t\t<div class=\"jet-slider__content-item\">\n\t\t\t<div class=\"jet-slider__content-inner\">\n\t\t\t\t\t\t<div class=\"jet-slider__button-wrapper\">\t\t\t\t\t\t<\/div><\/div>\n\t\t<\/div>\n\t\t\t<\/div>\n<\/div>\n\n<div  class=\"jet-slider__item sp-slide elementor-repeater-item-b6ce5d5-1\"><img decoding=\"async\" class=\"sp-image\" src=\"https:\/\/eliseorabbi.com\/en\/wp-content\/uploads\/2024\/10\/1.2-TEL-08-X480-APAISADA-4.jpg\" alt=\"1.2 TEL-08 X480 APAISADA 4\"><div class=\"jet-slider__content sp-layer \" data-position=\"centerCenter\" data-width=\"100%\" data-height=\"100%\" data-horizontal=\"0%\" data-show-transition=\"none\" data-show-duration=\"400\" data-show-delay=\"400\" >\n\t\t<div class=\"jet-slider__content-item\">\n\t\t\t<div class=\"jet-slider__content-inner\">\n\t\t\t\t\t\t<div class=\"jet-slider__button-wrapper\">\t\t\t\t\t\t<\/div><\/div>\n\t\t<\/div>\n\t\t\t<\/div>\n<\/div>\n\n<div  class=\"jet-slider__item sp-slide elementor-repeater-item-b6ce5d5-2\"><img decoding=\"async\" class=\"sp-image\" src=\"https:\/\/eliseorabbi.com\/en\/wp-content\/uploads\/2024\/10\/1.3-P1040117-APAISADA-13.jpg\" alt=\"1.3 P1040117 APAISADA 13\"><div class=\"jet-slider__content sp-layer \" data-position=\"centerCenter\" data-width=\"100%\" data-height=\"100%\" data-horizontal=\"0%\" data-show-transition=\"none\" data-show-duration=\"400\" data-show-delay=\"400\" >\n\t\t<div class=\"jet-slider__content-item\">\n\t\t\t<div class=\"jet-slider__content-inner\">\n\t\t\t\t\t\t<div class=\"jet-slider__button-wrapper\">\t\t\t\t\t\t<\/div><\/div>\n\t\t<\/div>\n\t\t\t<\/div>\n<\/div>\n\n<div  class=\"jet-slider__item sp-slide elementor-repeater-item-b6ce5d5-3\"><img decoding=\"async\" class=\"sp-image\" src=\"https:\/\/eliseorabbi.com\/en\/wp-content\/uploads\/2024\/12\/1.4-FRONTERA-IMG_0822-3.jpg\" alt=\"1.4 FRONTERA IMG_0822 3\"><div class=\"jet-slider__content sp-layer \" data-position=\"centerCenter\" data-width=\"100%\" data-height=\"100%\" data-horizontal=\"0%\" data-show-transition=\"none\" data-show-duration=\"400\" data-show-delay=\"400\" >\n\t\t<div class=\"jet-slider__content-item\">\n\t\t\t<div class=\"jet-slider__content-inner\">\n\t\t\t\t\t\t<div class=\"jet-slider__button-wrapper\">\t\t\t\t\t\t<\/div><\/div>\n\t\t<\/div>\n\t\t\t<\/div>\n<\/div>\n\n<\/div>\n<\/div>\n<\/div>\n<\/div>\t\t\t\t<\/div>\n\t\t\t\t<\/div>\n\t\t\t\t<\/div>\n\t\t<div class=\"elementor-element elementor-element-58fe354 e-flex e-con-boxed e-con e-parent\" data-id=\"58fe354\" data-element_type=\"container\">\n\t\t\t\t\t<div class=\"e-con-inner\">\n\t\t\t\t<div class=\"elementor-element elementor-element-8c9f384 elementor-widget elementor-widget-heading\" data-id=\"8c9f384\" data-element_type=\"widget\" data-widget_type=\"heading.default\">\n\t\t\t\t<div class=\"elementor-widget-container\">\n\t\t\t\t\t<h2 class=\"elementor-heading-title elementor-size-default\">About my page, just a few loose phrases to define my doings: explorer of applied creativity, architecture and art as transformative tools, experience in design and technical solutions, involvement in residential real estate, avid consumer (and producer) of art, global presence, and primarily a great passion for creative processes that inspire, connect, and evolve.<\/h2>\t\t\t\t<\/div>\n\t\t\t\t<\/div>\n\t\t\t\t\t<\/div>\n\t\t\t\t<\/div>\n\t\t<div class=\"elementor-element elementor-element-4ed398f e-con-full elementor-hidden-desktop elementor-hidden-tablet elementor-hidden-mobile e-flex e-con e-parent\" data-id=\"4ed398f\" data-element_type=\"container\" id=\"biografia\">\n\t\t<div class=\"elementor-element elementor-element-ef1b2ae e-con-full e-flex e-con e-child\" data-id=\"ef1b2ae\" data-element_type=\"container\" data-settings=\"{&quot;background_background&quot;:&quot;slideshow&quot;,&quot;background_slideshow_gallery&quot;:[{&quot;id&quot;:435,&quot;url&quot;:&quot;https:\\\/\\\/eliseorabbi.com\\\/en\\\/wp-content\\\/uploads\\\/2024\\\/08\\\/END-09-B.jpg&quot;}],&quot;background_slideshow_loop&quot;:&quot;yes&quot;,&quot;background_slideshow_slide_duration&quot;:5000,&quot;background_slideshow_slide_transition&quot;:&quot;fade&quot;,&quot;background_slideshow_transition_duration&quot;:500}\">\n\t\t\t\t<\/div>\n\t\t<div class=\"elementor-element elementor-element-af7359b e-con-full e-flex e-con e-child\" data-id=\"af7359b\" data-element_type=\"container\" data-settings=\"{&quot;background_background&quot;:&quot;slideshow&quot;,&quot;background_slideshow_gallery&quot;:[],&quot;background_slideshow_loop&quot;:&quot;yes&quot;,&quot;background_slideshow_slide_duration&quot;:5000,&quot;background_slideshow_slide_transition&quot;:&quot;fade&quot;,&quot;background_slideshow_transition_duration&quot;:500}\">\n\t\t\t\t<div class=\"elementor-element elementor-element-80176bb elementor-widget elementor-widget-heading\" data-id=\"80176bb\" data-element_type=\"widget\" data-widget_type=\"heading.default\">\n\t\t\t\t<div class=\"elementor-widget-container\">\n\t\t\t\t\t<h2 class=\"elementor-heading-title elementor-size-default\"><span>Entramado creativo: potencialidad arquitect\u00f3nica y art\u00edstica aplicada, experiencia en dise\u00f1o y soluciones t\u00e9cnicas, inmerci\u00f3n en bienes ra\u00edces residenciales, \u00e1vido consumidor (y productor) de arte, presencia global, son algunas palabras que revelan mis actividades y objetivos.<\/span><\/h2>\t\t\t\t<\/div>\n\t\t\t\t<\/div>\n\t\t\t\t<\/div>\n\t\t\t\t<\/div>\n\t\t\t\t<\/div>\n\t\t","protected":false},"excerpt":{"rendered":"<p>About my page, just a few loose phrases to define my doings: explorer of applied creativity, architecture and art as transformative tools, experience in design and technical solutions, involvement in residential real estate, avid consumer (and producer) of art, global presence, and primarily a great passion for creative processes that inspire, connect, and evolve. Entramado [&hellip;]<\/p>\n","protected":false},"author":1,"featured_media":1864,"parent":0,"menu_order":0,"comment_status":"closed","ping_status":"closed","template":"elementor_header_footer","meta":{"footnotes":""},"class_list":["post-24","page","type-page","status-publish","has-post-thumbnail","hentry"],"_links":{"self":[{"href":"https:\/\/eliseorabbi.com\/en\/wp-json\/wp\/v2\/pages\/24","targetHints":{"allow":["GET"]}}],"collection":[{"href":"https:\/\/eliseorabbi.com\/en\/wp-json\/wp\/v2\/pages"}],"about":[{"href":"https:\/\/eliseorabbi.com\/en\/wp-json\/wp\/v2\/types\/page"}],"author":[{"embeddable":true,"href":"https:\/\/eliseorabbi.com\/en\/wp-json\/wp\/v2\/users\/1"}],"replies":[{"embeddable":true,"href":"https:\/\/eliseorabbi.com\/en\/wp-json\/wp\/v2\/comments?post=24"}],"version-history":[{"count":593,"href":"https:\/\/eliseorabbi.com\/en\/wp-json\/wp\/v2\/pages\/24\/revisions"}],"predecessor-version":[{"id":2055,"href":"https:\/\/eliseorabbi.com\/en\/wp-json\/wp\/v2\/pages\/24\/revisions\/2055"}],"wp:featuredmedia":[{"embeddable":true,"href":"https:\/\/eliseorabbi.com\/en\/wp-json\/wp\/v2\/media\/1864"}],"wp:attachment":[{"href":"https:\/\/eliseorabbi.com\/en\/wp-json\/wp\/v2\/media?parent=24"}],"curies":[{"name":"wp","href":"https:\/\/api.w.org\/{rel}","templated":true}]}}